{"id":12,"date":"2026-05-01T09:17:52","date_gmt":"2026-05-01T09:17:52","guid":{"rendered":"https:\/\/new.x2.energy\/?page_id=12"},"modified":"2026-05-02T13:22:30","modified_gmt":"2026-05-02T13:22:30","slug":"startseite","status":"publish","type":"page","link":"https:\/\/new.x2.energy\/","title":{"rendered":"Startseite"},"content":{"rendered":"\t\t<div data-elementor-type=\"wp-page\" data-elementor-id=\"12\" class=\"elementor elementor-12\" data-elementor-post-type=\"page\">\n\t\t\t\t<div class=\"elementor-element elementor-element-43034cf e-flex e-con-boxed e-con e-parent\" data-id=\"43034cf\" data-element_type=\"container\" data-e-type=\"container\" data-settings=\"{&quot;background_background&quot;:&quot;classic&quot;}\">\n\t\t\t\t\t<div class=\"e-con-inner\">\n\t\t\t\t<div class=\"elementor-element elementor-element-b3a58f8 e-con e-atomic-element e-flexbox-base e-b3a58f8-fa3d329\" data-id=\"b3a58f8\" data-element_type=\"e-flexbox\" data-e-type=\"e-flexbox\" data-interaction-id=\"b3a58f8\" data-e-type=\"e-flexbox\" data-id=\"b3a58f8\">\n\t\t\t\t<div class=\"elementor-element elementor-element-b5a2af4 e-con e-atomic-element e-flexbox-base e-b5a2af4-d63a5d4\" data-id=\"b5a2af4\" data-element_type=\"e-flexbox\" data-e-type=\"e-flexbox\" data-interaction-id=\"b5a2af4\" data-e-type=\"e-flexbox\" data-id=\"b5a2af4\">\n\t\t\t\t\t\t\t\n\t\t\t<img class=\"e-image-base e-41b8f0f-8eb8982\" \n\t\t\t\t\tdata-interaction-id=\"41b8f0f\" \n\t\t \n\t\t data-e-type=\"widget\" data-id=\"41b8f0f\"\n\t\t\t\t\t\t\t\t\tid=\"24\"\n\t\t\t\t\t\t\t\t\t\t\t\tsrc=\"https:\/\/new.x2.energy\/wp-content\/uploads\/2026\/05\/x2b_logo_Hellgrau-300x179.png\"\n\t\t\t\t\t\t\t\t\t\t\t\twidth=\"300\"\n\t\t\t\t\t\t\t\t\t\t\t\theight=\"179\"\n\t\t\t\t\t\t\t\t\t\t\t\tsrcset=\"https:\/\/new.x2.energy\/wp-content\/uploads\/2026\/05\/x2b_logo_Hellgrau-300x179.png 300w, https:\/\/new.x2.energy\/wp-content\/uploads\/2026\/05\/x2b_logo_Hellgrau-1024x610.png 1024w, https:\/\/new.x2.energy\/wp-content\/uploads\/2026\/05\/x2b_logo_Hellgrau-768x458.png 768w, https:\/\/new.x2.energy\/wp-content\/uploads\/2026\/05\/x2b_logo_Hellgrau.png 1141w\"\n\t\t\t\t\t\t\t\t\t\t\t\talt=\"\"\n\t\t\t\t\t\t\/>\n\t\t\t\t\t\t\t\t<h1 \n\t\tdata-interaction-id=\"7f11a69\" \n\t\tclass=\"e-7f11a69-f70f04d e-heading-base\" \n\t\t \n\t\tdata-e-type=\"widget\" data-id=\"7f11a69\"\n\t>\n\t\n\t\t\tDer intelligente Steuerungsserver\n\t\t<\/h1>\n\t\t\t\t<\/div>\n\t\t\t\t<div class=\"elementor-element elementor-element-a36fd7d elementor-widget elementor-widget-text-editor\" data-id=\"a36fd7d\" data-element_type=\"widget\" data-e-type=\"widget\" data-widget_type=\"text-editor.default\">\n\t\t\t\t\t\t\t\t\t<p dir=\"auto\">Geb\u00e4udesteuerung \u2022 Energiemanagement \u2022 Ladeparksteuerung \u2022 Mieterstromabrechnung <br \/>Alles in einem System.<\/p>\t\t\t\t\t\t\t\t<\/div>\n\t\t\t\t<\/div>\n\t\t\t\t\t<\/div>\n\t\t\t\t<\/div>\n\t\t<div class=\"elementor-element elementor-element-68b213d e-grid e-con-boxed e-con e-parent\" data-id=\"68b213d\" data-element_type=\"container\" data-e-type=\"container\" data-settings=\"{&quot;background_background&quot;:&quot;classic&quot;}\">\n\t\t\t\t\t<div class=\"e-con-inner\">\n\t\t\t\t<div class=\"elementor-element elementor-element-8bc550d e-con e-atomic-element e-flexbox-base e-8bc550d-2812fa1\" data-id=\"8bc550d\" data-element_type=\"e-flexbox\" data-e-type=\"e-flexbox\" data-interaction-id=\"8bc550d\" data-e-type=\"e-flexbox\" data-id=\"8bc550d\">\n\t\t\t\t\t\t\t<h2 \n\t\tdata-interaction-id=\"8b6dae9\" \n\t\tclass=\"e-8b6dae9-e7f375c e-heading-base\" \n\t\t \n\t\tdata-e-type=\"widget\" data-id=\"8b6dae9\"\n\t>\n\t\n\t\t\tGeb\u00e4udesteuerung\n\t\t<\/h2>\n\t\t\t\t\t\t\t\n\t\t\t<img class=\"e-image-base e-b9708cb-3e6fc12\" \n\t\t\t\t\tdata-interaction-id=\"b9708cb\" \n\t\t \n\t\t data-e-type=\"widget\" data-id=\"b9708cb\"\n\t\t\t\t\t\t\t\t\tid=\"35\"\n\t\t\t\t\t\t\t\t\t\t\t\tsrc=\"https:\/\/new.x2.energy\/wp-content\/uploads\/2026\/05\/Steuerung.png\"\n\t\t\t\t\t\t\t\t\t\t\t\twidth=\"640\"\n\t\t\t\t\t\t\t\t\t\t\t\theight=\"650\"\n\t\t\t\t\t\t\t\t\t\t\t\tsrcset=\"https:\/\/new.x2.energy\/wp-content\/uploads\/2026\/05\/Steuerung.png 640w, https:\/\/new.x2.energy\/wp-content\/uploads\/2026\/05\/Steuerung-295x300.png 295w\"\n\t\t\t\t\t\t\t\t\t\t\t\talt=\"\"\n\t\t\t\t\t\t\/>\n\t\t\t\t\t<div class=\"elementor-element elementor-element-66337db elementor-widget elementor-widget-text-editor\" data-id=\"66337db\" data-element_type=\"widget\" data-e-type=\"widget\" data-widget_type=\"text-editor.default\">\n\t\t\t\t\t\t\t\t\t<p dir=\"auto\">Vollst\u00e4ndige BMS-Integration, Echtzeit-Visualisierung und intelligente Automatisierung von Licht, Jalousien, Heizung, L\u00fcftung und Klima.<\/p>\t\t\t\t\t\t\t\t<\/div>\n\t\t\t\t\t    \t            <button class=\"e-6672ad5-f186ef8 e-button-base\" data-interaction-id=\"6672ad5\"  data-e-type=\"widget\" data-id=\"6672ad5\">\n            Mehr erfahren\n        <\/button>\n    \t\t\t\t<\/div>\n\t\t\t\t<div class=\"elementor-element elementor-element-c272b7f e-con e-atomic-element e-flexbox-base e-c272b7f-02c6f37\" data-id=\"c272b7f\" data-element_type=\"e-flexbox\" data-e-type=\"e-flexbox\" data-interaction-id=\"c272b7f\" data-e-type=\"e-flexbox\" data-id=\"c272b7f\">\n\t\t\t\t\t\t\t<h2 \n\t\tdata-interaction-id=\"b6bf78e\" \n\t\tclass=\"e-b6bf78e-0cea312 e-heading-base\" \n\t\t \n\t\tdata-e-type=\"widget\" data-id=\"b6bf78e\"\n\t>\n\t\n\t\t\tEnergiemanagement\n\t\t<\/h2>\n\t\t\t\t\t\t\t\n\t\t\t<img class=\"e-image-base e-e97bcae-3a88bf5\" \n\t\t\t\t\tdata-interaction-id=\"e97bcae\" \n\t\t \n\t\t data-e-type=\"widget\" data-id=\"e97bcae\"\n\t\t\t\t\t\t\t\t\tid=\"36\"\n\t\t\t\t\t\t\t\t\t\t\t\tsrc=\"https:\/\/new.x2.energy\/wp-content\/uploads\/2026\/05\/Energiemgm.png\"\n\t\t\t\t\t\t\t\t\t\t\t\twidth=\"640\"\n\t\t\t\t\t\t\t\t\t\t\t\theight=\"650\"\n\t\t\t\t\t\t\t\t\t\t\t\tsrcset=\"https:\/\/new.x2.energy\/wp-content\/uploads\/2026\/05\/Energiemgm.png 640w, https:\/\/new.x2.energy\/wp-content\/uploads\/2026\/05\/Energiemgm-295x300.png 295w\"\n\t\t\t\t\t\t\t\t\t\t\t\talt=\"\"\n\t\t\t\t\t\t\/>\n\t\t\t\t\t<div class=\"elementor-element elementor-element-a85d52e elementor-widget elementor-widget-text-editor\" data-id=\"a85d52e\" data-element_type=\"widget\" data-e-type=\"widget\" data-widget_type=\"text-editor.default\">\n\t\t\t\t\t\t\t\t\t<p dir=\"auto\">PV-Optimierung, dynamisches Lastmanagement, Speicher-steuerung und maximale Eigenverbrauchsquote. Spitzenlastmanagement<\/p>\t\t\t\t\t\t\t\t<\/div>\n\t\t\t\t<\/div>\n\t\t\t\t<div class=\"elementor-element elementor-element-9fc88b5 e-con e-atomic-element e-flexbox-base e-9fc88b5-58f7fed\" data-id=\"9fc88b5\" data-element_type=\"e-flexbox\" data-e-type=\"e-flexbox\" data-interaction-id=\"9fc88b5\" data-e-type=\"e-flexbox\" data-id=\"9fc88b5\">\n\t\t\t\t\t\t\t<h2 \n\t\tdata-interaction-id=\"6aac777\" \n\t\tclass=\"e-6aac777-7dd0d8e e-heading-base\" \n\t\t \n\t\tdata-e-type=\"widget\" data-id=\"6aac777\"\n\t>\n\t\n\t\t\tLadeparksteuerung\n\t\t<\/h2>\n\t\t\t\t\t\t\t\n\t\t\t<img class=\"e-image-base e-1ab8d2c-4e306bb\" \n\t\t\t\t\tdata-interaction-id=\"1ab8d2c\" \n\t\t \n\t\t data-e-type=\"widget\" data-id=\"1ab8d2c\"\n\t\t\t\t\t\t\t\t\tid=\"37\"\n\t\t\t\t\t\t\t\t\t\t\t\tsrc=\"https:\/\/new.x2.energy\/wp-content\/uploads\/2026\/05\/Ladepark.png\"\n\t\t\t\t\t\t\t\t\t\t\t\twidth=\"1008\"\n\t\t\t\t\t\t\t\t\t\t\t\theight=\"1024\"\n\t\t\t\t\t\t\t\t\t\t\t\tsrcset=\"https:\/\/new.x2.energy\/wp-content\/uploads\/2026\/05\/Ladepark.png 1008w, https:\/\/new.x2.energy\/wp-content\/uploads\/2026\/05\/Ladepark-295x300.png 295w, https:\/\/new.x2.energy\/wp-content\/uploads\/2026\/05\/Ladepark-768x780.png 768w\"\n\t\t\t\t\t\t\t\t\t\t\t\talt=\"\"\n\t\t\t\t\t\t\/>\n\t\t\t\t\t<div class=\"elementor-element elementor-element-ef47a1c elementor-widget elementor-widget-text-editor\" data-id=\"ef47a1c\" data-element_type=\"widget\" data-e-type=\"widget\" data-widget_type=\"text-editor.default\">\n\t\t\t\t\t\t\t\t\t<p dir=\"auto\">Dynamische Lastverteilung, Priorisierung, App-Steuerung f\u00fcr Mieter und nahtlose Integration ins Energiemanagement und die Mieterstromabrechnung.<\/p>\t\t\t\t\t\t\t\t<\/div>\n\t\t\t\t<\/div>\n\t\t\t\t<div class=\"elementor-element elementor-element-7f9e23f e-con e-atomic-element e-flexbox-base e-7f9e23f-ec1f8c3\" data-id=\"7f9e23f\" data-element_type=\"e-flexbox\" data-e-type=\"e-flexbox\" data-interaction-id=\"7f9e23f\" data-e-type=\"e-flexbox\" data-id=\"7f9e23f\">\n\t\t\t\t\t\t\t<h2 \n\t\tdata-interaction-id=\"047d132\" \n\t\tclass=\"e-047d132-7b5f0d3 e-heading-base\" \n\t\t \n\t\tdata-e-type=\"widget\" data-id=\"047d132\"\n\t>\n\t\n\t\t\tMieterstromabrechnung\n\t\t<\/h2>\n\t\t\t\t\t\t\t\n\t\t\t<img class=\"e-image-base e-7f89ff1-f25c90d\" \n\t\t\t\t\tdata-interaction-id=\"7f89ff1\" \n\t\t \n\t\t data-e-type=\"widget\" data-id=\"7f89ff1\"\n\t\t\t\t\t\t\t\t\tid=\"38\"\n\t\t\t\t\t\t\t\t\t\t\t\tsrc=\"https:\/\/new.x2.energy\/wp-content\/uploads\/2026\/05\/Mieterstrom.png\"\n\t\t\t\t\t\t\t\t\t\t\t\twidth=\"650\"\n\t\t\t\t\t\t\t\t\t\t\t\theight=\"640\"\n\t\t\t\t\t\t\t\t\t\t\t\tsrcset=\"https:\/\/new.x2.energy\/wp-content\/uploads\/2026\/05\/Mieterstrom.png 650w, https:\/\/new.x2.energy\/wp-content\/uploads\/2026\/05\/Mieterstrom-300x295.png 300w\"\n\t\t\t\t\t\t\t\t\t\t\t\talt=\"\"\n\t\t\t\t\t\t\/>\n\t\t\t\t\t<div class=\"elementor-element elementor-element-e72804e elementor-widget elementor-widget-text-editor\" data-id=\"e72804e\" data-element_type=\"widget\" data-e-type=\"widget\" data-widget_type=\"text-editor.default\">\n\t\t\t\t\t\t\t\t\t<p dir=\"auto\">Automatische Abrechnung von Strom, Wasser, Gas und W\u00e4rme f\u00fcr bis zu 1.500 Kostenstellen mit 5 verschiedenen Tarifen (EVU, PV, Batterie, BHKW u.v.m.)<\/p>\t\t\t\t\t\t\t\t<\/div>\n\t\t\t\t<\/div>\n\t\t\t\t\t<\/div>\n\t\t\t\t<\/div>\n\t\t\t\t<\/div>\n\t\t","protected":false},"excerpt":{"rendered":"<p>Der intelligente Steuerungsserver Geb\u00e4udesteuerung \u2022 Energiemanagement \u2022 Ladeparksteuerung \u2022 Mieterstromabrechnung Alles in einem System. Geb\u00e4udesteuerung Vollst\u00e4ndige BMS-Integration, Echtzeit-Visualisierung und intelligente Automatisierung von Licht, Jalousien, Heizung, L\u00fcftung und Klima. Mehr erfahren Energiemanagement PV-Optimierung, dynamisches Lastmanagement, Speicher-steuerung und maximale Eigenverbrauchsquote. Spitzenlastmanagement Ladeparksteuerung Dynamische Lastverteilung, Priorisierung, App-Steuerung f\u00fcr Mieter und nahtlose Integration ins Energiemanagement und die Mieterstromabrechnung. Mieterstromabrechnung&#8230;<\/p>\n","protected":false},"author":1,"featured_media":0,"parent":0,"menu_order":0,"comment_status":"closed","ping_status":"closed","template":"","meta":{"_uag_custom_page_level_css":"","_kad_post_transparent":"","_kad_post_title":"hide","_kad_post_layout":"fullwidth","_kad_post_sidebar_id":"","_kad_post_content_style":"unboxed","_kad_post_vertical_padding":"hide","_kad_post_feature":"hide","_kad_post_feature_position":"","_kad_post_header":false,"_kad_post_footer":false,"_kad_post_classname":"","footnotes":""},"class_list":["post-12","page","type-page","status-publish","hentry"],"uagb_featured_image_src":{"full":false,"thumbnail":false,"medium":false,"medium_large":false,"large":false,"1536x1536":false,"2048x2048":false},"uagb_author_info":{"display_name":"admin","author_link":"https:\/\/new.x2.energy\/author\/andreasberg_qd8q1y22"},"uagb_comment_info":0,"uagb_excerpt":"Der intelligente Steuerungsserver Geb\u00e4udesteuerung \u2022 Energiemanagement \u2022 Ladeparksteuerung \u2022 Mieterstromabrechnung Alles in einem System. Geb\u00e4udesteuerung Vollst\u00e4ndige BMS-Integration, Echtzeit-Visualisierung und intelligente Automatisierung von Licht, Jalousien, Heizung, L\u00fcftung und Klima. Mehr erfahren Energiemanagement PV-Optimierung, dynamisches Lastmanagement, Speicher-steuerung und maximale Eigenverbrauchsquote. Spitzenlastmanagement Ladeparksteuerung Dynamische Lastverteilung, Priorisierung, App-Steuerung f\u00fcr Mieter und nahtlose Integration ins Energiemanagement und die Mieterstromabrechnung. Mieterstromabrechnung...","_links":{"self":[{"href":"https:\/\/new.x2.energy\/index.php?rest_route=\/wp\/v2\/pages\/12","targetHints":{"allow":["GET"]}}],"collection":[{"href":"https:\/\/new.x2.energy\/index.php?rest_route=\/wp\/v2\/pages"}],"about":[{"href":"https:\/\/new.x2.energy\/index.php?rest_route=\/wp\/v2\/types\/page"}],"author":[{"embeddable":true,"href":"https:\/\/new.x2.energy\/index.php?rest_route=\/wp\/v2\/users\/1"}],"replies":[{"embeddable":true,"href":"https:\/\/new.x2.energy\/index.php?rest_route=%2Fwp%2Fv2%2Fcomments&post=12"}],"version-history":[{"count":23,"href":"https:\/\/new.x2.energy\/index.php?rest_route=\/wp\/v2\/pages\/12\/revisions"}],"predecessor-version":[{"id":49,"href":"https:\/\/new.x2.energy\/index.php?rest_route=\/wp\/v2\/pages\/12\/revisions\/49"}],"wp:attachment":[{"href":"https:\/\/new.x2.energy\/index.php?rest_route=%2Fwp%2Fv2%2Fmedia&parent=12"}],"curies":[{"name":"wp","href":"https:\/\/api.w.org\/{rel}","templated":true}]}}